{"id":1058,"date":"2021-03-03T10:59:17","date_gmt":"2021-03-03T10:59:17","guid":{"rendered":"https:\/\/demo.hashthemes.com\/total\/el-agency\/?page_id=1058"},"modified":"2023-10-07T18:14:16","modified_gmt":"2023-10-07T17:14:16","slug":"services","status":"publish","type":"page","link":"https:\/\/business.cridamconsult.com\/index.php\/services\/","title":{"rendered":"Nos Services"},"content":{"rendered":"\t\t<div data-elementor-type=\"wp-page\" data-elementor-id=\"1058\" class=\"elementor elementor-1058\">\n\t\t\t\t\t\t<section class=\"elementor-section elementor-top-section elementor-element elementor-element-0c61ffd elementor-section-boxed elementor-section-height-default elementor-section-height-default\" data-id=\"0c61ffd\" data-element_type=\"section\">\n\t\t\t\t\t\t<div class=\"elementor-container elementor-column-gap-default\">\n\t\t\t\t\t<div class=\"elementor-column elementor-col-100 elementor-top-column elementor-element elementor-element-f1b3549\" data-id=\"f1b3549\" data-element_type=\"column\">\n\t\t\t<div class=\"elementor-widget-wrap elementor-element-populated\">\n\t\t\t\t\t\t<div class=\"elementor-element elementor-element-b1573a9 elementor-widget elementor-widget-heading\" data-id=\"b1573a9\" data-element_type=\"widget\" data-widget_type=\"heading.default\">\n\t\t\t\t<div class=\"elementor-widget-container\">\n\t\t\t\t\t<h2 class=\"elementor-heading-title elementor-size-default\">nos services<\/h2>\t\t\t\t<\/div>\n\t\t\t\t<\/div>\n\t\t\t\t<section class=\"elementor-section elementor-inner-section elementor-element elementor-element-e0f0f57 elementor-section-full_width elementor-section-height-default elementor-section-height-default\" data-id=\"e0f0f57\" data-element_type=\"section\">\n\t\t\t\t\t\t<div class=\"elementor-container elementor-column-gap-default\">\n\t\t\t\t\t<div class=\"elementor-column elementor-col-33 elementor-inner-column elementor-element elementor-element-f1ab1df\" data-id=\"f1ab1df\" data-element_type=\"column\">\n\t\t\t<div class=\"elementor-widget-wrap\">\n\t\t\t\t\t\t\t<\/div>\n\t\t<\/div>\n\t\t\t\t<div class=\"elementor-column elementor-col-33 elementor-inner-column elementor-element elementor-element-10b7080\" data-id=\"10b7080\" data-element_type=\"column\">\n\t\t\t<div class=\"elementor-widget-wrap elementor-element-populated\">\n\t\t\t\t\t\t<div class=\"elementor-element elementor-element-7350eb2 elementor-widget elementor-widget-text-editor\" data-id=\"7350eb2\" data-element_type=\"widget\" data-widget_type=\"text-editor.default\">\n\t\t\t\t<div class=\"elementor-widget-container\">\n\t\t\t\t\t\t\t\t\t<p>Une \u00e9quipe des professeurs des universit\u00e9s et des professionels est disponible en permanence pour vous offrir les services de qualit\u00e9 dans les domaines suivant :<\/p>\t\t\t\t\t\t\t\t<\/div>\n\t\t\t\t<\/div>\n\t\t\t\t\t<\/div>\n\t\t<\/div>\n\t\t\t\t<div class=\"elementor-column elementor-col-33 elementor-inner-column elementor-element elementor-element-9b9e5bf\" data-id=\"9b9e5bf\" data-element_type=\"column\">\n\t\t\t<div class=\"elementor-widget-wrap\">\n\t\t\t\t\t\t\t<\/div>\n\t\t<\/div>\n\t\t\t\t\t<\/div>\n\t\t<\/section>\n\t\t\t\t<section class=\"elementor-section elementor-inner-section elementor-element elementor-element-06a4ae2 elementor-section-full_width elementor-section-height-default elementor-section-height-default\" data-id=\"06a4ae2\" data-element_type=\"section\" id=\"service1\">\n\t\t\t\t\t\t<div class=\"elementor-container elementor-column-gap-wide\">\n\t\t\t\t\t<div class=\"elementor-column elementor-col-100 elementor-inner-column elementor-element elementor-element-68b6ee1\" data-id=\"68b6ee1\" data-element_type=\"column\">\n\t\t\t<div class=\"elementor-widget-wrap elementor-element-populated\">\n\t\t\t\t\t\t<div class=\"elementor-element elementor-element-7aa2476 elementor-widget elementor-widget-total-featured-block\" data-id=\"7aa2476\" data-element_type=\"widget\" data-widget_type=\"total-featured-block.default\">\n\t\t\t\t<div class=\"elementor-widget-container\">\n\t\t\t\t\t        <div class=\"het-featured-post\">\n\n            <div class=\"het-featured-icon\">\n                <i aria-hidden=\"true\" class=\"fas fa-building\"><\/i>            <\/div>\n\n            <h5>CONSULTANCE EN GESTION MANAG\u00c9RIALE DES SOCI\u00c9T\u00c9S<\/h5>\n\n            <div class=\"het-featured-excerpt\">\n                - CRIDAM Consult est une structure d\u2019assistance en gestion, la recherche de l\u2019efficacit\u00e9 et l\u2019efficience dans la production\u00a0;\n- L\u2019am\u00e9lioration du climat de travail et des relations interprofessionnelles\u00a0;\n- Accompagnement dans la promotion de leadership d\u00e9cisionnel\u00a0;\n- Coaching manag\u00e9rial.\n- Renforcement des capacit\u00e9s manag\u00e9riales par la formation. Gr\u00e2ce au savoir scientifique\net professionnel y aff\u00e9rent de son \u00e9quipe de professeurs d\u2019universit\u00e9s, des\nscientifiques, des professionnels, nous assurons une formation permanente, ponctuelle\ndu classifi\u00e9 au top manager dans les diff\u00e9rents domaines relevant de la vie de la soci\u00e9t\u00e9\net du personnel. Elle passe par des conf\u00e9rences, des s\u00e9minaires, des ateliers, des stages\nprofessionnels, ainsi que des voyages d\u2019\u00e9tudes.            <\/div>\n\n                    <\/div>\n        \t\t\t\t<\/div>\n\t\t\t\t<\/div>\n\t\t\t\t\t<\/div>\n\t\t<\/div>\n\t\t\t\t\t<\/div>\n\t\t<\/section>\n\t\t\t\t<section class=\"elementor-section elementor-inner-section elementor-element elementor-element-25df01f elementor-section-full_width elementor-section-height-default elementor-section-height-default\" data-id=\"25df01f\" data-element_type=\"section\" id=\"service2\">\n\t\t\t\t\t\t<div class=\"elementor-container elementor-column-gap-wide\">\n\t\t\t\t\t<div class=\"elementor-column elementor-col-100 elementor-inner-column elementor-element elementor-element-f1b30b0\" data-id=\"f1b30b0\" data-element_type=\"column\">\n\t\t\t<div class=\"elementor-widget-wrap elementor-element-populated\">\n\t\t\t\t\t\t<div class=\"elementor-element elementor-element-5ca96f1 elementor-widget elementor-widget-total-featured-block\" data-id=\"5ca96f1\" data-element_type=\"widget\" data-widget_type=\"total-featured-block.default\">\n\t\t\t\t<div class=\"elementor-widget-container\">\n\t\t\t\t\t        <div class=\"het-featured-post\">\n\n            <div class=\"het-featured-icon\">\n                <i aria-hidden=\"true\" class=\"fas fa-users\"><\/i>            <\/div>\n\n            <h5>CONSULTANCE EN GESTION DE LA S\u00c9CURIT\u00c9 SOCIALE<\/h5>\n\n            <div class=\"het-featured-excerpt\">\n                - Assistance et accompagnement dans l\u2019affiliation des employeurs, l\u2019immatriculation des\ntravailleurs\u00a0;\n- Assistance dans les d\u00e9clarations et versement des cotisations sociales\u00a0;\n\n- Expertise dans les contr\u00f4les et contre v\u00e9rifications de l\u2019application de la l\u00e9gislation en\nmati\u00e8re de la s\u00e9curit\u00e9 sociale\u00a0;\n- Accompagnement dans la prise en charge des prestataires sociaux\u00a0;\n- Expertise en mati\u00e8re de l\u2019hygi\u00e8ne, sant\u00e9 et s\u00e9curit\u00e9 au travail ainsi que\nl\u2019accompagnement et expertise dans la mise en place d\u2019un r\u00e9gime compl\u00e9mentaire de la\ns\u00e9curit\u00e9 sociale dans la soci\u00e9t\u00e9.            <\/div>\n\n                    <\/div>\n        \t\t\t\t<\/div>\n\t\t\t\t<\/div>\n\t\t\t\t\t<\/div>\n\t\t<\/div>\n\t\t\t\t\t<\/div>\n\t\t<\/section>\n\t\t\t\t<section class=\"elementor-section elementor-inner-section elementor-element elementor-element-f3ed48f elementor-section-full_width elementor-section-height-default elementor-section-height-default\" data-id=\"f3ed48f\" data-element_type=\"section\" id=\"service3\">\n\t\t\t\t\t\t<div class=\"elementor-container elementor-column-gap-wide\">\n\t\t\t\t\t<div class=\"elementor-column elementor-col-100 elementor-inner-column elementor-element elementor-element-4f85170\" data-id=\"4f85170\" data-element_type=\"column\">\n\t\t\t<div class=\"elementor-widget-wrap elementor-element-populated\">\n\t\t\t\t\t\t<div class=\"elementor-element elementor-element-510935d elementor-widget elementor-widget-total-featured-block\" data-id=\"510935d\" data-element_type=\"widget\" data-widget_type=\"total-featured-block.default\">\n\t\t\t\t<div class=\"elementor-widget-container\">\n\t\t\t\t\t        <div class=\"het-featured-post\">\n\n            <div class=\"het-featured-icon\">\n                <i aria-hidden=\"true\" class=\"fas fa-money-bill-alt\"><\/i>            <\/div>\n\n            <h5>CONSULTANCE FISCALE ET PARAFISCALE<\/h5>\n\n            <div class=\"het-featured-excerpt\">\n                - Assistance en d\u00e9claration et versement des imp\u00f4ts\u00a0;\n- Expertise en v\u00e9rification et contre v\u00e9rification fiscale,\u2026            <\/div>\n\n                    <\/div>\n        \t\t\t\t<\/div>\n\t\t\t\t<\/div>\n\t\t\t\t\t<\/div>\n\t\t<\/div>\n\t\t\t\t\t<\/div>\n\t\t<\/section>\n\t\t\t\t<section class=\"elementor-section elementor-inner-section elementor-element elementor-element-0df7aa7 elementor-section-full_width elementor-section-height-default elementor-section-height-default\" data-id=\"0df7aa7\" data-element_type=\"section\" id=\"service4\">\n\t\t\t\t\t\t<div class=\"elementor-container elementor-column-gap-wide\">\n\t\t\t\t\t<div class=\"elementor-column elementor-col-100 elementor-inner-column elementor-element elementor-element-c400b15\" data-id=\"c400b15\" data-element_type=\"column\">\n\t\t\t<div class=\"elementor-widget-wrap elementor-element-populated\">\n\t\t\t\t\t\t<div class=\"elementor-element elementor-element-48147b0 elementor-widget elementor-widget-total-featured-block\" data-id=\"48147b0\" data-element_type=\"widget\" data-widget_type=\"total-featured-block.default\">\n\t\t\t\t<div class=\"elementor-widget-container\">\n\t\t\t\t\t        <div class=\"het-featured-post\">\n\n            <div class=\"het-featured-icon\">\n                <i aria-hidden=\"true\" class=\"fas fa-cog\"><\/i>            <\/div>\n\n            <h5>REPR\u00c9SENTATION MANAG\u00c9RIALE<\/h5>\n\n            <div class=\"het-featured-excerpt\">\n                CRIDAM CONSULT dispose des comp\u00e9tences manag\u00e9riales\ndiverses pour g\u00e9rer, pour le compte de toute personne morale ou physique\u00a0:\n- Biens meubles ou immeubles\u00a0;\n- Etablissement\u00a0;\n- Soci\u00e9t\u00e9\u00a0;\n- Service\u00a0Public.            <\/div>\n\n                    <\/div>\n        \t\t\t\t<\/div>\n\t\t\t\t<\/div>\n\t\t\t\t\t<\/div>\n\t\t<\/div>\n\t\t\t\t\t<\/div>\n\t\t<\/section>\n\t\t\t\t<section class=\"elementor-section elementor-inner-section elementor-element elementor-element-c75b99c elementor-section-full_width elementor-section-height-default elementor-section-height-default\" data-id=\"c75b99c\" data-element_type=\"section\" id=\"service5\">\n\t\t\t\t\t\t<div class=\"elementor-container elementor-column-gap-wide\">\n\t\t\t\t\t<div class=\"elementor-column elementor-col-100 elementor-inner-column elementor-element elementor-element-794da07\" data-id=\"794da07\" data-element_type=\"column\">\n\t\t\t<div class=\"elementor-widget-wrap elementor-element-populated\">\n\t\t\t\t\t\t<div class=\"elementor-element elementor-element-b6a5161 elementor-widget elementor-widget-total-featured-block\" data-id=\"b6a5161\" data-element_type=\"widget\" data-widget_type=\"total-featured-block.default\">\n\t\t\t\t<div class=\"elementor-widget-container\">\n\t\t\t\t\t        <div class=\"het-featured-post\">\n\n            <div class=\"het-featured-icon\">\n                <i aria-hidden=\"true\" class=\"fas fa-people-carry\"><\/i>            <\/div>\n\n            <h5>RECRUTEMENT ET PLACEMENT DE LA MAIN D\u2019\u0152UVRE<\/h5>\n\n            <div class=\"het-featured-excerpt\">\n                CRIDAM CONSULT est en partenariat avec plusieurs \u00e9tablissements d\u2019enseignement sup\u00e9rieur\net universitaire en R\u00e9publique D\u00e9mocratique du Congo et au monde.\nNous disposons d\u2019une banque des donn\u00e9es de toutes les qualifications et comp\u00e9tences\nn\u00e9cessaires. Nous pr\u00e9parons cette main d\u2019\u0153uvre en fonction de vos besoins. Nous fournissons\ndes prestations de service aupr\u00e8s de nos partenaires.\nNous recrutons \u00e9galement de la main d\u2019\u0153uvre pour le compte de nos partenaires.            <\/div>\n\n                    <\/div>\n        \t\t\t\t<\/div>\n\t\t\t\t<\/div>\n\t\t\t\t\t<\/div>\n\t\t<\/div>\n\t\t\t\t\t<\/div>\n\t\t<\/section>\n\t\t\t\t<section class=\"elementor-section elementor-inner-section elementor-element elementor-element-53d36e5 elementor-section-full_width elementor-section-height-default elementor-section-height-default\" data-id=\"53d36e5\" data-element_type=\"section\" id=\"service6\">\n\t\t\t\t\t\t<div class=\"elementor-container elementor-column-gap-wide\">\n\t\t\t\t\t<div class=\"elementor-column elementor-col-100 elementor-inner-column elementor-element elementor-element-b386cef\" data-id=\"b386cef\" data-element_type=\"column\">\n\t\t\t<div class=\"elementor-widget-wrap elementor-element-populated\">\n\t\t\t\t\t\t<div class=\"elementor-element elementor-element-a6ea7e8 elementor-widget elementor-widget-total-featured-block\" data-id=\"a6ea7e8\" data-element_type=\"widget\" data-widget_type=\"total-featured-block.default\">\n\t\t\t\t<div class=\"elementor-widget-container\">\n\t\t\t\t\t        <div class=\"het-featured-post\">\n\n            <div class=\"het-featured-icon\">\n                <i aria-hidden=\"true\" class=\"fas fa-file-signature\"><\/i>            <\/div>\n\n            <h5>ETUDES DES R\u00c9FORMES INSTITUTIONNELLES ET DES SOCI\u00c9T\u00c9S<\/h5>\n\n            <div class=\"het-featured-excerpt\">\n                Nous apportons notre consultance\npour la cr\u00e9ation, la transformation des soci\u00e9t\u00e9s par formes ainsi que la mutation, la fusion et la\nscission de celles-ci. Nous disposons des expertises av\u00e9r\u00e9es dans les \u00e9tudes de faisabilit\u00e9s.            <\/div>\n\n                    <\/div>\n        \t\t\t\t<\/div>\n\t\t\t\t<\/div>\n\t\t\t\t\t<\/div>\n\t\t<\/div>\n\t\t\t\t\t<\/div>\n\t\t<\/section>\n\t\t\t\t<section class=\"elementor-section elementor-inner-section elementor-element elementor-element-7d16965 elementor-section-full_width elementor-section-height-default elementor-section-height-default\" data-id=\"7d16965\" data-element_type=\"section\" id=\"service7\">\n\t\t\t\t\t\t<div class=\"elementor-container elementor-column-gap-wide\">\n\t\t\t\t\t<div class=\"elementor-column elementor-col-100 elementor-inner-column elementor-element elementor-element-797de9c\" data-id=\"797de9c\" data-element_type=\"column\">\n\t\t\t<div class=\"elementor-widget-wrap elementor-element-populated\">\n\t\t\t\t\t\t<div class=\"elementor-element elementor-element-38c3967 elementor-widget elementor-widget-total-featured-block\" data-id=\"38c3967\" data-element_type=\"widget\" data-widget_type=\"total-featured-block.default\">\n\t\t\t\t<div class=\"elementor-widget-container\">\n\t\t\t\t\t        <div class=\"het-featured-post\">\n\n            <div class=\"het-featured-icon\">\n                <i aria-hidden=\"true\" class=\"fas fa-layer-group\"><\/i>            <\/div>\n\n            <h5>TOUTES OP\u00c9RATIONS FINANCI\u00c8RES, COMMERCIALES, INDUSTRIELLES, MOBILI\u00c8RES OU IMMOBILI\u00c8RES<\/h5>\n\n            <div class=\"het-featured-excerpt\">\n                Toutes op\u00e9rations financi\u00e8res, commerciales, industrielles, mobili\u00e8res ou immobili\u00e8res\npouvant se rattacher directement ou indirectement \u00e0 l\u2019objet ci-dessus ou \u00e0 tout objet similaire\nou connexe.            <\/div>\n\n                    <\/div>\n        \t\t\t\t<\/div>\n\t\t\t\t<\/div>\n\t\t\t\t\t<\/div>\n\t\t<\/div>\n\t\t\t\t\t<\/div>\n\t\t<\/section>\n\t\t\t\t\t<\/div>\n\t\t<\/div>\n\t\t\t\t\t<\/div>\n\t\t<\/section>\n\t\t\t\t<section class=\"elementor-section elementor-top-section elementor-element elementor-element-0bf8371 elementor-section-boxed elementor-section-height-default elementor-section-height-default\" data-id=\"0bf8371\" data-element_type=\"section\" data-settings=\"{&quot;background_background&quot;:&quot;classic&quot;}\">\n\t\t\t\t\t\t<div class=\"elementor-container elementor-column-gap-default\">\n\t\t\t\t\t<div class=\"elementor-column elementor-col-100 elementor-top-column elementor-element elementor-element-1883db5\" data-id=\"1883db5\" data-element_type=\"column\">\n\t\t\t<div class=\"elementor-widget-wrap elementor-element-populated\">\n\t\t\t\t\t\t<div class=\"elementor-element elementor-element-4a6a96c elementor-widget elementor-widget-heading\" data-id=\"4a6a96c\" data-element_type=\"widget\" data-widget_type=\"heading.default\">\n\t\t\t\t<div class=\"elementor-widget-container\">\n\t\t\t\t\t<h2 class=\"elementor-heading-title elementor-size-default\">ELLES NOUS FONT CONFIANCE<\/h2>\t\t\t\t<\/div>\n\t\t\t\t<\/div>\n\t\t\t\t<section class=\"elementor-section elementor-inner-section elementor-element elementor-element-5ff939d elementor-section-full_width elementor-section-height-default elementor-section-height-default\" data-id=\"5ff939d\" data-element_type=\"section\">\n\t\t\t\t\t\t<div class=\"elementor-container elementor-column-gap-default\">\n\t\t\t\t\t<div class=\"elementor-column elementor-col-33 elementor-inner-column elementor-element elementor-element-6424538\" data-id=\"6424538\" data-element_type=\"column\">\n\t\t\t<div class=\"elementor-widget-wrap\">\n\t\t\t\t\t\t\t<\/div>\n\t\t<\/div>\n\t\t\t\t<div class=\"elementor-column elementor-col-33 elementor-inner-column elementor-element elementor-element-668998b\" data-id=\"668998b\" data-element_type=\"column\">\n\t\t\t<div class=\"elementor-widget-wrap elementor-element-populated\">\n\t\t\t\t\t\t<div class=\"elementor-element elementor-element-2ee23c5 elementor-widget elementor-widget-text-editor\" data-id=\"2ee23c5\" data-element_type=\"widget\" data-widget_type=\"text-editor.default\">\n\t\t\t\t<div class=\"elementor-widget-container\">\n\t\t\t\t\t\t\t\t\t<p>Les diff\u00e9rentes entreprises et organisations qui ont d\u00e9j\u00e0 b\u00e9n\u00e9fici\u00e9 de l&rsquo;expertise de Cridam Consult.<\/p>\t\t\t\t\t\t\t\t<\/div>\n\t\t\t\t<\/div>\n\t\t\t\t\t<\/div>\n\t\t<\/div>\n\t\t\t\t<div class=\"elementor-column elementor-col-33 elementor-inner-column elementor-element elementor-element-f325e97\" data-id=\"f325e97\" data-element_type=\"column\">\n\t\t\t<div class=\"elementor-widget-wrap\">\n\t\t\t\t\t\t\t<\/div>\n\t\t<\/div>\n\t\t\t\t\t<\/div>\n\t\t<\/section>\n\t\t\t\t<div class=\"elementor-element elementor-element-d68204e elementor-widget elementor-widget-total-logo-carousel\" data-id=\"d68204e\" data-element_type=\"widget\" data-widget_type=\"total-logo-carousel.default\">\n\t\t\t\t<div class=\"elementor-widget-container\">\n\t\t\t\t\t        <div class=\"het-client-logo-slider owl-carousel\" data-params='{\"autoplay\":true,\"pause\":5000,\"items\":5,\"items_tablet\":3,\"items_mobile\":2,\"margin\":30,\"margin_tablet\":30,\"margin_mobile\":30,\"dots\":false}'>\n            <div class=\"het-logo-slide\"><img decoding=\"async\" src=\"https:\/\/business.cridamconsult.com\/wp-content\/uploads\/2020\/02\/art-photography-logo.png\" alt=\"art-photography-logo\" \/><\/div><div class=\"het-logo-slide\"><img decoding=\"async\" src=\"https:\/\/business.cridamconsult.com\/wp-content\/uploads\/2020\/02\/travel-hotel.png\" alt=\"travel-hotel\" \/><\/div><div class=\"het-logo-slide\"><img decoding=\"async\" src=\"https:\/\/business.cridamconsult.com\/wp-content\/uploads\/2020\/02\/technology-science-logo.png\" alt=\"technology-science-logo\" \/><\/div><div class=\"het-logo-slide\"><img decoding=\"async\" src=\"https:\/\/business.cridamconsult.com\/wp-content\/uploads\/2020\/02\/finance-insurance-accounting-logo.png\" alt=\"finance-insurance-accounting-logo\" \/><\/div><div class=\"het-logo-slide\"><img decoding=\"async\" src=\"https:\/\/business.cridamconsult.com\/wp-content\/uploads\/2020\/02\/love-dating-logo.png\" alt=\"love-dating-logo\" \/><\/div><div class=\"het-logo-slide\"><img decoding=\"async\" src=\"https:\/\/business.cridamconsult.com\/wp-content\/uploads\/2020\/02\/beauty-fashion-logo.png\" alt=\"beauty-fashion-logo\" \/><\/div><div class=\"het-logo-slide\"><img decoding=\"async\" src=\"https:\/\/business.cridamconsult.com\/wp-content\/uploads\/2020\/02\/real-estate-logo.png\" alt=\"real-estate-logo\" \/><\/div><div class=\"het-logo-slide\"><img decoding=\"async\" src=\"https:\/\/business.cridamconsult.com\/wp-content\/uploads\/2020\/02\/business-consulting-logo.png\" alt=\"business-consulting-logo\" \/><\/div>        <\/div>\n        \t\t\t\t<\/div>\n\t\t\t\t<\/div>\n\t\t\t\t\t<\/div>\n\t\t<\/div>\n\t\t\t\t\t<\/div>\n\t\t<\/section>\n\t\t\t\t<section class=\"elementor-section elementor-top-section elementor-element elementor-element-67d3ff6 elementor-section-boxed elementor-section-height-default elementor-section-height-default\" data-id=\"67d3ff6\" data-element_type=\"section\" data-settings=\"{&quot;background_background&quot;:&quot;classic&quot;}\">\n\t\t\t\t\t\t<div class=\"elementor-container elementor-column-gap-default\">\n\t\t\t\t\t<div class=\"elementor-column elementor-col-100 elementor-top-column elementor-element elementor-element-e56131a\" data-id=\"e56131a\" data-element_type=\"column\" data-settings=\"{&quot;background_background&quot;:&quot;classic&quot;}\">\n\t\t\t<div class=\"elementor-widget-wrap elementor-element-populated\">\n\t\t\t\t\t\t<div class=\"elementor-element elementor-element-1efed2f elementor-widget elementor-widget-heading\" data-id=\"1efed2f\" data-element_type=\"widget\" data-widget_type=\"heading.default\">\n\t\t\t\t<div class=\"elementor-widget-container\">\n\t\t\t\t\t<h2 class=\"elementor-heading-title elementor-size-default\">ELLES NOUS FONT CONFIANCE<\/h2>\t\t\t\t<\/div>\n\t\t\t\t<\/div>\n\t\t\t\t<section class=\"elementor-section elementor-inner-section elementor-element elementor-element-195753a elementor-section-full_width elementor-section-height-default elementor-section-height-default\" data-id=\"195753a\" data-element_type=\"section\">\n\t\t\t\t\t\t<div class=\"elementor-container elementor-column-gap-default\">\n\t\t\t\t\t<div class=\"elementor-column elementor-col-33 elementor-inner-column elementor-element elementor-element-c5e1c98\" data-id=\"c5e1c98\" data-element_type=\"column\">\n\t\t\t<div class=\"elementor-widget-wrap\">\n\t\t\t\t\t\t\t<\/div>\n\t\t<\/div>\n\t\t\t\t<div class=\"elementor-column elementor-col-33 elementor-inner-column elementor-element elementor-element-826e26b\" data-id=\"826e26b\" data-element_type=\"column\">\n\t\t\t<div class=\"elementor-widget-wrap elementor-element-populated\">\n\t\t\t\t\t\t<div class=\"elementor-element elementor-element-705ce66 elementor-widget elementor-widget-text-editor\" data-id=\"705ce66\" data-element_type=\"widget\" data-widget_type=\"text-editor.default\">\n\t\t\t\t<div class=\"elementor-widget-container\">\n\t\t\t\t\t\t\t\t\t<p>Les diff\u00e9rentes entreprises et organisations qui ont d\u00e9j\u00e0 b\u00e9n\u00e9fici\u00e9 de l&rsquo;expertise de Cridam Consult.<\/p>\t\t\t\t\t\t\t\t<\/div>\n\t\t\t\t<\/div>\n\t\t\t\t\t<\/div>\n\t\t<\/div>\n\t\t\t\t<div class=\"elementor-column elementor-col-33 elementor-inner-column elementor-element elementor-element-b552a88\" data-id=\"b552a88\" data-element_type=\"column\">\n\t\t\t<div class=\"elementor-widget-wrap\">\n\t\t\t\t\t\t\t<\/div>\n\t\t<\/div>\n\t\t\t\t\t<\/div>\n\t\t<\/section>\n\t\t\t\t<div class=\"elementor-element elementor-element-85c4a1c elementor-widget elementor-widget-total-logo-carousel\" data-id=\"85c4a1c\" data-element_type=\"widget\" data-widget_type=\"total-logo-carousel.default\">\n\t\t\t\t<div class=\"elementor-widget-container\">\n\t\t\t\t\t        <div class=\"het-client-logo-slider owl-carousel\" data-params='{\"autoplay\":true,\"pause\":5000,\"items\":5,\"items_tablet\":3,\"items_mobile\":2,\"margin\":30,\"margin_tablet\":30,\"margin_mobile\":30,\"dots\":false}'>\n            <div class=\"het-logo-slide\"><img decoding=\"async\" src=\"https:\/\/business.cridamconsult.com\/wp-content\/uploads\/2020\/02\/art-photography-logo.png\" alt=\"art-photography-logo\" \/><\/div><div class=\"het-logo-slide\"><img decoding=\"async\" src=\"https:\/\/business.cridamconsult.com\/wp-content\/uploads\/2020\/02\/travel-hotel.png\" alt=\"travel-hotel\" \/><\/div><div class=\"het-logo-slide\"><img decoding=\"async\" src=\"https:\/\/business.cridamconsult.com\/wp-content\/uploads\/2020\/02\/technology-science-logo.png\" alt=\"technology-science-logo\" \/><\/div><div class=\"het-logo-slide\"><img decoding=\"async\" src=\"https:\/\/business.cridamconsult.com\/wp-content\/uploads\/2020\/02\/finance-insurance-accounting-logo.png\" alt=\"finance-insurance-accounting-logo\" \/><\/div><div class=\"het-logo-slide\"><img decoding=\"async\" src=\"https:\/\/business.cridamconsult.com\/wp-content\/uploads\/2020\/02\/love-dating-logo.png\" alt=\"love-dating-logo\" \/><\/div><div class=\"het-logo-slide\"><img decoding=\"async\" src=\"https:\/\/business.cridamconsult.com\/wp-content\/uploads\/2020\/02\/beauty-fashion-logo.png\" alt=\"beauty-fashion-logo\" \/><\/div><div class=\"het-logo-slide\"><img decoding=\"async\" src=\"https:\/\/business.cridamconsult.com\/wp-content\/uploads\/2020\/02\/real-estate-logo.png\" alt=\"real-estate-logo\" \/><\/div><div class=\"het-logo-slide\"><img decoding=\"async\" src=\"https:\/\/business.cridamconsult.com\/wp-content\/uploads\/2020\/02\/business-consulting-logo.png\" alt=\"business-consulting-logo\" \/><\/div>        <\/div>\n        \t\t\t\t<\/div>\n\t\t\t\t<\/div>\n\t\t\t\t\t<\/div>\n\t\t<\/div>\n\t\t\t\t\t<\/div>\n\t\t<\/section>\n\t\t\t\t<\/div>\n\t\t","protected":false},"excerpt":{"rendered":"<p>nos services Une \u00e9quipe des professeurs des universit\u00e9s et des professionels est disponible en permanence pour vous offrir les services de qualit\u00e9 dans les domaines suivant : CONSULTANCE EN GESTION MANAG\u00c9RIALE DES SOCI\u00c9T\u00c9S &#8211; CRIDAM Consult est une structure d\u2019assistance en gestion, la recherche de l\u2019efficacit\u00e9 et l\u2019efficience dans la production\u00a0; &#8211; L\u2019am\u00e9lioration du climat [&hellip;]<\/p>\n","protected":false},"author":1,"featured_media":0,"parent":0,"menu_order":0,"comment_status":"closed","ping_status":"closed","template":"","meta":{"footnotes":""},"_links":{"self":[{"href":"https:\/\/business.cridamconsult.com\/index.php\/wp-json\/wp\/v2\/pages\/1058"}],"collection":[{"href":"https:\/\/business.cridamconsult.com\/index.php\/wp-json\/wp\/v2\/pages"}],"about":[{"href":"https:\/\/business.cridamconsult.com\/index.php\/wp-json\/wp\/v2\/types\/page"}],"author":[{"embeddable":true,"href":"https:\/\/business.cridamconsult.com\/index.php\/wp-json\/wp\/v2\/users\/1"}],"replies":[{"embeddable":true,"href":"https:\/\/business.cridamconsult.com\/index.php\/wp-json\/wp\/v2\/comments?post=1058"}],"version-history":[{"count":58,"href":"https:\/\/business.cridamconsult.com\/index.php\/wp-json\/wp\/v2\/pages\/1058\/revisions"}],"predecessor-version":[{"id":1721,"href":"https:\/\/business.cridamconsult.com\/index.php\/wp-json\/wp\/v2\/pages\/1058\/revisions\/1721"}],"wp:attachment":[{"href":"https:\/\/business.cridamconsult.com\/index.php\/wp-json\/wp\/v2\/media?parent=1058"}],"curies":[{"name":"wp","href":"https:\/\/api.w.org\/{rel}","templated":true}]}}